{"id":5224,"date":"2019-12-13T14:34:42","date_gmt":"2019-12-13T11:34:42","guid":{"rendered":"https:\/\/armadiodesign.com\/?post_type=product&#038;p=5224"},"modified":"2025-10-07T21:34:05","modified_gmt":"2025-10-07T18:34:05","slug":"model-14","status":"publish","type":"product","link":"https:\/\/armadiodesign.com\/en\/product\/model-14\/","title":{"rendered":"QORA"},"content":{"rendered":"<p>Kare yaka midi elbise<\/p>\n<p>%95 polyester %5 elastan kuma\u015f<\/p>","protected":false},"excerpt":{"rendered":"<p>Kare yaka midi elbise<\/p>\n<p>%95 polyester %5 elastan kuma\u015f<\/p>\n<p>1-3 i\u015f g\u00fcn\u00fc i\u00e7inde kargoya verilir.<\/p>","protected":false},"featured_media":6138,"template":"","meta":[],"product_brand":[],"product_cat":[136,140,135],"product_tag":[],"woo-feed-brand":[],"class_list":{"0":"post-5224","1":"product","2":"type-product","3":"status-publish","4":"has-post-thumbnail","6":"product_cat-aslihan-dogan-turan-for-armadio-design","7":"product_cat-elbise","8":"product_cat-sonbahar-kis-2020","10":"first","11":"instock","12":"featured","13":"taxable","14":"shipping-taxable","15":"purchasable","16":"product-type-variable","17":"has-default-attributes"},"yoast_head":"<!-- This site is optimized with the Yoast SEO plugin v27.4 - https:\/\/yoast.com\/product\/yoast-seo-wordpress\/ -->\n<title>QORA | Kad\u0131n Giyim Markas\u0131 - Online Sat\u0131n Al | ARMADIO DESIGN<\/title>\n<meta name=\"robots\" content=\"index, follow, max-snippet:-1, max-image-preview:large, max-video-preview:-1\" \/>\n<link rel=\"canonical\" href=\"https:\/\/armadiodesign.com\/en\/product\/model-14\/\" \/>\n<meta property=\"og:locale\" content=\"en_GB\" \/>\n<meta property=\"og:type\" content=\"article\" \/>\n<meta property=\"og:title\" content=\"QORA | Kad\u0131n Giyim Markas\u0131 - Online Sat\u0131n Al | ARMADIO DESIGN\" \/>\n<meta property=\"og:description\" content=\"Kare yaka midi elbise  %95 polyester %5 elastan kuma\u015f  1-3 i\u015f g\u00fcn\u00fc i\u00e7inde kargoya verilir.\" \/>\n<meta property=\"og:url\" content=\"https:\/\/armadiodesign.com\/en\/product\/model-14\/\" \/>\n<meta property=\"og:site_name\" content=\"Kad\u0131n Giyim Markas\u0131 - Online Sat\u0131n Al | ARMADIO DESIGN\" \/>\n<meta property=\"article:modified_time\" content=\"2025-10-07T18:34:05+00:00\" \/>\n<meta property=\"og:image\" content=\"https:\/\/armadiodesign.com\/wp-content\/uploads\/2019\/12\/MODEL-14-1.jpg\" \/>\n\t<meta property=\"og:image:width\" content=\"394\" \/>\n\t<meta property=\"og:image:height\" content=\"700\" \/>\n\t<meta property=\"og:image:type\" content=\"image\/jpeg\" \/>\n<meta name=\"twitter:card\" content=\"summary_large_image\" \/>\n<meta name=\"twitter:label1\" content=\"Estimated reading time\" \/>\n\t<meta name=\"twitter:data1\" content=\"1 minute\" \/>\n<script type=\"application\/ld+json\" class=\"yoast-schema-graph\">{\"@context\":\"https:\\\/\\\/schema.org\",\"@graph\":[{\"@type\":\"WebPage\",\"@id\":\"https:\\\/\\\/armadiodesign.com\\\/product\\\/model-14\\\/\",\"url\":\"https:\\\/\\\/armadiodesign.com\\\/product\\\/model-14\\\/\",\"name\":\"QORA | Kad\u0131n Giyim Markas\u0131 - Online Sat\u0131n Al | ARMADIO DESIGN\",\"isPartOf\":{\"@id\":\"https:\\\/\\\/armadiodesign.com\\\/#website\"},\"primaryImageOfPage\":{\"@id\":\"https:\\\/\\\/armadiodesign.com\\\/product\\\/model-14\\\/#primaryimage\"},\"image\":{\"@id\":\"https:\\\/\\\/armadiodesign.com\\\/product\\\/model-14\\\/#primaryimage\"},\"thumbnailUrl\":\"https:\\\/\\\/armadiodesign.com\\\/wp-content\\\/uploads\\\/2019\\\/12\\\/MODEL-14-1.jpg\",\"datePublished\":\"2019-12-13T11:34:42+00:00\",\"dateModified\":\"2025-10-07T18:34:05+00:00\",\"breadcrumb\":{\"@id\":\"https:\\\/\\\/armadiodesign.com\\\/product\\\/model-14\\\/#breadcrumb\"},\"inLanguage\":\"en-GB\",\"potentialAction\":[{\"@type\":\"ReadAction\",\"target\":[\"https:\\\/\\\/armadiodesign.com\\\/product\\\/model-14\\\/\"]}]},{\"@type\":\"ImageObject\",\"inLanguage\":\"en-GB\",\"@id\":\"https:\\\/\\\/armadiodesign.com\\\/product\\\/model-14\\\/#primaryimage\",\"url\":\"https:\\\/\\\/armadiodesign.com\\\/wp-content\\\/uploads\\\/2019\\\/12\\\/MODEL-14-1.jpg\",\"contentUrl\":\"https:\\\/\\\/armadiodesign.com\\\/wp-content\\\/uploads\\\/2019\\\/12\\\/MODEL-14-1.jpg\",\"width\":394,\"height\":700},{\"@type\":\"BreadcrumbList\",\"@id\":\"https:\\\/\\\/armadiodesign.com\\\/product\\\/model-14\\\/#breadcrumb\",\"itemListElement\":[{\"@type\":\"ListItem\",\"position\":1,\"name\":\"Ana sayfa\",\"item\":\"https:\\\/\\\/armadiodesign.com\\\/\"},{\"@type\":\"ListItem\",\"position\":2,\"name\":\"Shop\",\"item\":\"https:\\\/\\\/armadiodesign.com\\\/shop\\\/\"},{\"@type\":\"ListItem\",\"position\":3,\"name\":\"QORA\"}]},{\"@type\":\"WebSite\",\"@id\":\"https:\\\/\\\/armadiodesign.com\\\/#website\",\"url\":\"https:\\\/\\\/armadiodesign.com\\\/\",\"name\":\"Kad\u0131n Giyim Markas\u0131 - Online Sat\u0131n Al | ARMADIO DESIGN\",\"description\":\"Kad\u0131n giyimde g&uuml;ncel trendleri ke\u015ffedin!\",\"publisher\":{\"@id\":\"https:\\\/\\\/armadiodesign.com\\\/#organization\"},\"potentialAction\":[{\"@type\":\"SearchAction\",\"target\":{\"@type\":\"EntryPoint\",\"urlTemplate\":\"https:\\\/\\\/armadiodesign.com\\\/?s={search_term_string}\"},\"query-input\":{\"@type\":\"PropertyValueSpecification\",\"valueRequired\":true,\"valueName\":\"search_term_string\"}}],\"inLanguage\":\"en-GB\"},{\"@type\":\"Organization\",\"@id\":\"https:\\\/\\\/armadiodesign.com\\\/#organization\",\"name\":\"Armadio Design\",\"url\":\"https:\\\/\\\/armadiodesign.com\\\/\",\"logo\":{\"@type\":\"ImageObject\",\"inLanguage\":\"en-GB\",\"@id\":\"https:\\\/\\\/armadiodesign.com\\\/#\\\/schema\\\/logo\\\/image\\\/\",\"url\":\"https:\\\/\\\/armadiodesign.com\\\/wp-content\\\/uploads\\\/2019\\\/12\\\/mail_logo.jpg\",\"contentUrl\":\"https:\\\/\\\/armadiodesign.com\\\/wp-content\\\/uploads\\\/2019\\\/12\\\/mail_logo.jpg\",\"width\":540,\"height\":96,\"caption\":\"Armadio Design\"},\"image\":{\"@id\":\"https:\\\/\\\/armadiodesign.com\\\/#\\\/schema\\\/logo\\\/image\\\/\"}}]}<\/script>\n<!-- \/ Yoast SEO plugin. -->","yoast_head_json":{"title":"QORA | Kad\u0131n Giyim Markas\u0131 - Online Sat\u0131n Al | ARMADIO DESIGN","robots":{"index":"index","follow":"follow","max-snippet":"max-snippet:-1","max-image-preview":"max-image-preview:large","max-video-preview":"max-video-preview:-1"},"canonical":"https:\/\/armadiodesign.com\/en\/product\/model-14\/","og_locale":"en_GB","og_type":"article","og_title":"QORA | Kad\u0131n Giyim Markas\u0131 - Online Sat\u0131n Al | ARMADIO DESIGN","og_description":"Kare yaka midi elbise  %95 polyester %5 elastan kuma\u015f  1-3 i\u015f g\u00fcn\u00fc i\u00e7inde kargoya verilir.","og_url":"https:\/\/armadiodesign.com\/en\/product\/model-14\/","og_site_name":"Kad\u0131n Giyim Markas\u0131 - Online Sat\u0131n Al | ARMADIO DESIGN","article_modified_time":"2025-10-07T18:34:05+00:00","og_image":[{"width":394,"height":700,"url":"https:\/\/armadiodesign.com\/wp-content\/uploads\/2019\/12\/MODEL-14-1.jpg","type":"image\/jpeg"}],"twitter_card":"summary_large_image","twitter_misc":{"Estimated reading time":"1 minute"},"schema":{"@context":"https:\/\/schema.org","@graph":[{"@type":"WebPage","@id":"https:\/\/armadiodesign.com\/product\/model-14\/","url":"https:\/\/armadiodesign.com\/product\/model-14\/","name":"QORA | Kad\u0131n Giyim Markas\u0131 - Online Sat\u0131n Al | ARMADIO DESIGN","isPartOf":{"@id":"https:\/\/armadiodesign.com\/#website"},"primaryImageOfPage":{"@id":"https:\/\/armadiodesign.com\/product\/model-14\/#primaryimage"},"image":{"@id":"https:\/\/armadiodesign.com\/product\/model-14\/#primaryimage"},"thumbnailUrl":"https:\/\/armadiodesign.com\/wp-content\/uploads\/2019\/12\/MODEL-14-1.jpg","datePublished":"2019-12-13T11:34:42+00:00","dateModified":"2025-10-07T18:34:05+00:00","breadcrumb":{"@id":"https:\/\/armadiodesign.com\/product\/model-14\/#breadcrumb"},"inLanguage":"en-GB","potentialAction":[{"@type":"ReadAction","target":["https:\/\/armadiodesign.com\/product\/model-14\/"]}]},{"@type":"ImageObject","inLanguage":"en-GB","@id":"https:\/\/armadiodesign.com\/product\/model-14\/#primaryimage","url":"https:\/\/armadiodesign.com\/wp-content\/uploads\/2019\/12\/MODEL-14-1.jpg","contentUrl":"https:\/\/armadiodesign.com\/wp-content\/uploads\/2019\/12\/MODEL-14-1.jpg","width":394,"height":700},{"@type":"BreadcrumbList","@id":"https:\/\/armadiodesign.com\/product\/model-14\/#breadcrumb","itemListElement":[{"@type":"ListItem","position":1,"name":"Ana sayfa","item":"https:\/\/armadiodesign.com\/"},{"@type":"ListItem","position":2,"name":"Shop","item":"https:\/\/armadiodesign.com\/shop\/"},{"@type":"ListItem","position":3,"name":"QORA"}]},{"@type":"WebSite","@id":"https:\/\/armadiodesign.com\/#website","url":"https:\/\/armadiodesign.com\/","name":"Kad\u0131n Giyim Markas\u0131 - Online Sat\u0131n Al | ARMADIO DESIGN","description":"Kad\u0131n giyimde g&uuml;ncel trendleri ke\u015ffedin!","publisher":{"@id":"https:\/\/armadiodesign.com\/#organization"},"potentialAction":[{"@type":"SearchAction","target":{"@type":"EntryPoint","urlTemplate":"https:\/\/armadiodesign.com\/?s={search_term_string}"},"query-input":{"@type":"PropertyValueSpecification","valueRequired":true,"valueName":"search_term_string"}}],"inLanguage":"en-GB"},{"@type":"Organization","@id":"https:\/\/armadiodesign.com\/#organization","name":"Armadio Design","url":"https:\/\/armadiodesign.com\/","logo":{"@type":"ImageObject","inLanguage":"en-GB","@id":"https:\/\/armadiodesign.com\/#\/schema\/logo\/image\/","url":"https:\/\/armadiodesign.com\/wp-content\/uploads\/2019\/12\/mail_logo.jpg","contentUrl":"https:\/\/armadiodesign.com\/wp-content\/uploads\/2019\/12\/mail_logo.jpg","width":540,"height":96,"caption":"Armadio Design"},"image":{"@id":"https:\/\/armadiodesign.com\/#\/schema\/logo\/image\/"}}]}},"jetpack_sharing_enabled":true,"_links":{"self":[{"href":"https:\/\/armadiodesign.com\/en\/wp-json\/wp\/v2\/product\/5224","targetHints":{"allow":["GET"]}}],"collection":[{"href":"https:\/\/armadiodesign.com\/en\/wp-json\/wp\/v2\/product"}],"about":[{"href":"https:\/\/armadiodesign.com\/en\/wp-json\/wp\/v2\/types\/product"}],"wp:featuredmedia":[{"embeddable":true,"href":"https:\/\/armadiodesign.com\/en\/wp-json\/wp\/v2\/media\/6138"}],"wp:attachment":[{"href":"https:\/\/armadiodesign.com\/en\/wp-json\/wp\/v2\/media?parent=5224"}],"wp:term":[{"taxonomy":"product_brand","embeddable":true,"href":"https:\/\/armadiodesign.com\/en\/wp-json\/wp\/v2\/product_brand?post=5224"},{"taxonomy":"product_cat","embeddable":true,"href":"https:\/\/armadiodesign.com\/en\/wp-json\/wp\/v2\/product_cat?post=5224"},{"taxonomy":"product_tag","embeddable":true,"href":"https:\/\/armadiodesign.com\/en\/wp-json\/wp\/v2\/product_tag?post=5224"},{"taxonomy":"woo-feed-brand","embeddable":true,"href":"https:\/\/armadiodesign.com\/en\/wp-json\/wp\/v2\/woo-feed-brand?post=5224"}],"curies":[{"name":"wp","href":"https:\/\/api.w.org\/{rel}","templated":true}]}}