{"id":5170,"date":"2019-12-13T12:32:52","date_gmt":"2019-12-13T09:32:52","guid":{"rendered":"https:\/\/armadiodesign.com\/?post_type=product&#038;p=5170"},"modified":"2023-02-19T20:50:26","modified_gmt":"2023-02-19T17:50:26","slug":"model-6","status":"publish","type":"product","link":"https:\/\/armadiodesign.com\/en\/product\/model-6\/","title":{"rendered":"IONA"},"content":{"rendered":"<p>Kap\u00fc\u015fonlu 3 iplik sweat<\/p>\n<p>%95 polyester %5 elastan kuma\u015f<\/p>","protected":false},"excerpt":{"rendered":"<p>Kap\u00fc\u015fonlu 3 iplik sweat<\/p>\n<p>%95 polyester %5 elastan kuma\u015f<\/p>\n<p>1-3 i\u015f g\u00fcn\u00fc i\u00e7inde kargoya verilir.<\/p>","protected":false},"featured_media":6123,"template":"","meta":[],"product_brand":[],"product_cat":[135,136,146],"product_tag":[],"woo-feed-brand":[],"class_list":{"0":"post-5170","1":"product","2":"type-product","3":"status-publish","4":"has-post-thumbnail","6":"product_cat-sonbahar-kis-2020","7":"product_cat-aslihan-dogan-turan-for-armadio-design","8":"product_cat-sweat","10":"first","11":"outofstock","12":"taxable","13":"shipping-taxable","14":"purchasable","15":"product-type-variable","16":"has-default-attributes"},"yoast_head":"<!-- This site is optimized with the Yoast SEO plugin v26.7 - https:\/\/yoast.com\/wordpress\/plugins\/seo\/ -->\n<title>IONA | Kad\u0131n Giyim Markas\u0131 - Online Sat\u0131n Al | ARMADIO DESIGN<\/title>\n<meta name=\"robots\" content=\"index, follow, max-snippet:-1, max-image-preview:large, max-video-preview:-1\" \/>\n<link rel=\"canonical\" href=\"https:\/\/armadiodesign.com\/en\/product\/model-6\/\" \/>\n<meta property=\"og:locale\" content=\"en_GB\" \/>\n<meta property=\"og:type\" content=\"article\" \/>\n<meta property=\"og:title\" content=\"IONA | Kad\u0131n Giyim Markas\u0131 - Online Sat\u0131n Al | ARMADIO DESIGN\" \/>\n<meta property=\"og:description\" content=\"Kap\u00fc\u015fonlu 3 iplik sweat  %95 polyester %5 elastan kuma\u015f  1-3 i\u015f g\u00fcn\u00fc i\u00e7inde kargoya verilir.\" \/>\n<meta property=\"og:url\" content=\"https:\/\/armadiodesign.com\/en\/product\/model-6\/\" \/>\n<meta property=\"og:site_name\" content=\"Kad\u0131n Giyim Markas\u0131 - Online Sat\u0131n Al | ARMADIO DESIGN\" \/>\n<meta property=\"article:modified_time\" content=\"2023-02-19T17:50:26+00:00\" \/>\n<meta property=\"og:image\" content=\"https:\/\/armadiodesign.com\/wp-content\/uploads\/2019\/12\/MODEL-6-2.jpg\" \/>\n\t<meta property=\"og:image:width\" content=\"394\" \/>\n\t<meta property=\"og:image:height\" content=\"700\" \/>\n\t<meta property=\"og:image:type\" content=\"image\/jpeg\" \/>\n<meta name=\"twitter:card\" content=\"summary_large_image\" \/>\n<meta name=\"twitter:label1\" content=\"Estimated reading time\" \/>\n\t<meta name=\"twitter:data1\" content=\"1 minute\" \/>\n<script type=\"application\/ld+json\" class=\"yoast-schema-graph\">{\"@context\":\"https:\/\/schema.org\",\"@graph\":[{\"@type\":\"WebPage\",\"@id\":\"https:\/\/armadiodesign.com\/product\/model-6\/\",\"url\":\"https:\/\/armadiodesign.com\/product\/model-6\/\",\"name\":\"IONA | Kad\u0131n Giyim Markas\u0131 - Online Sat\u0131n Al | ARMADIO DESIGN\",\"isPartOf\":{\"@id\":\"https:\/\/armadiodesign.com\/#website\"},\"primaryImageOfPage\":{\"@id\":\"https:\/\/armadiodesign.com\/product\/model-6\/#primaryimage\"},\"image\":{\"@id\":\"https:\/\/armadiodesign.com\/product\/model-6\/#primaryimage\"},\"thumbnailUrl\":\"https:\/\/armadiodesign.com\/wp-content\/uploads\/2019\/12\/MODEL-6-2.jpg\",\"datePublished\":\"2019-12-13T09:32:52+00:00\",\"dateModified\":\"2023-02-19T17:50:26+00:00\",\"breadcrumb\":{\"@id\":\"https:\/\/armadiodesign.com\/product\/model-6\/#breadcrumb\"},\"inLanguage\":\"en-GB\",\"potentialAction\":[{\"@type\":\"ReadAction\",\"target\":[\"https:\/\/armadiodesign.com\/product\/model-6\/\"]}]},{\"@type\":\"ImageObject\",\"inLanguage\":\"en-GB\",\"@id\":\"https:\/\/armadiodesign.com\/product\/model-6\/#primaryimage\",\"url\":\"https:\/\/armadiodesign.com\/wp-content\/uploads\/2019\/12\/MODEL-6-2.jpg\",\"contentUrl\":\"https:\/\/armadiodesign.com\/wp-content\/uploads\/2019\/12\/MODEL-6-2.jpg\",\"width\":394,\"height\":700},{\"@type\":\"BreadcrumbList\",\"@id\":\"https:\/\/armadiodesign.com\/product\/model-6\/#breadcrumb\",\"itemListElement\":[{\"@type\":\"ListItem\",\"position\":1,\"name\":\"Ana sayfa\",\"item\":\"https:\/\/armadiodesign.com\/\"},{\"@type\":\"ListItem\",\"position\":2,\"name\":\"Shop\",\"item\":\"https:\/\/armadiodesign.com\/shop\/\"},{\"@type\":\"ListItem\",\"position\":3,\"name\":\"IONA\"}]},{\"@type\":\"WebSite\",\"@id\":\"https:\/\/armadiodesign.com\/#website\",\"url\":\"https:\/\/armadiodesign.com\/\",\"name\":\"Kad\u0131n Giyim Markas\u0131 - Online Sat\u0131n Al | ARMADIO DESIGN\",\"description\":\"Kad\u0131n giyimde g&uuml;ncel trendleri ke\u015ffedin!\",\"publisher\":{\"@id\":\"https:\/\/armadiodesign.com\/#organization\"},\"potentialAction\":[{\"@type\":\"SearchAction\",\"target\":{\"@type\":\"EntryPoint\",\"urlTemplate\":\"https:\/\/armadiodesign.com\/?s={search_term_string}\"},\"query-input\":{\"@type\":\"PropertyValueSpecification\",\"valueRequired\":true,\"valueName\":\"search_term_string\"}}],\"inLanguage\":\"en-GB\"},{\"@type\":\"Organization\",\"@id\":\"https:\/\/armadiodesign.com\/#organization\",\"name\":\"Armadio Design\",\"url\":\"https:\/\/armadiodesign.com\/\",\"logo\":{\"@type\":\"ImageObject\",\"inLanguage\":\"en-GB\",\"@id\":\"https:\/\/armadiodesign.com\/#\/schema\/logo\/image\/\",\"url\":\"https:\/\/armadiodesign.com\/wp-content\/uploads\/2019\/12\/mail_logo.jpg\",\"contentUrl\":\"https:\/\/armadiodesign.com\/wp-content\/uploads\/2019\/12\/mail_logo.jpg\",\"width\":540,\"height\":96,\"caption\":\"Armadio Design\"},\"image\":{\"@id\":\"https:\/\/armadiodesign.com\/#\/schema\/logo\/image\/\"}}]}<\/script>\n<!-- \/ Yoast SEO plugin. -->","yoast_head_json":{"title":"IONA | Kad\u0131n Giyim Markas\u0131 - Online Sat\u0131n Al | ARMADIO DESIGN","robots":{"index":"index","follow":"follow","max-snippet":"max-snippet:-1","max-image-preview":"max-image-preview:large","max-video-preview":"max-video-preview:-1"},"canonical":"https:\/\/armadiodesign.com\/en\/product\/model-6\/","og_locale":"en_GB","og_type":"article","og_title":"IONA | Kad\u0131n Giyim Markas\u0131 - Online Sat\u0131n Al | ARMADIO DESIGN","og_description":"Kap\u00fc\u015fonlu 3 iplik sweat  %95 polyester %5 elastan kuma\u015f  1-3 i\u015f g\u00fcn\u00fc i\u00e7inde kargoya verilir.","og_url":"https:\/\/armadiodesign.com\/en\/product\/model-6\/","og_site_name":"Kad\u0131n Giyim Markas\u0131 - Online Sat\u0131n Al | ARMADIO DESIGN","article_modified_time":"2023-02-19T17:50:26+00:00","og_image":[{"width":394,"height":700,"url":"https:\/\/armadiodesign.com\/wp-content\/uploads\/2019\/12\/MODEL-6-2.jpg","type":"image\/jpeg"}],"twitter_card":"summary_large_image","twitter_misc":{"Estimated reading time":"1 minute"},"schema":{"@context":"https:\/\/schema.org","@graph":[{"@type":"WebPage","@id":"https:\/\/armadiodesign.com\/product\/model-6\/","url":"https:\/\/armadiodesign.com\/product\/model-6\/","name":"IONA | Kad\u0131n Giyim Markas\u0131 - Online Sat\u0131n Al | ARMADIO DESIGN","isPartOf":{"@id":"https:\/\/armadiodesign.com\/#website"},"primaryImageOfPage":{"@id":"https:\/\/armadiodesign.com\/product\/model-6\/#primaryimage"},"image":{"@id":"https:\/\/armadiodesign.com\/product\/model-6\/#primaryimage"},"thumbnailUrl":"https:\/\/armadiodesign.com\/wp-content\/uploads\/2019\/12\/MODEL-6-2.jpg","datePublished":"2019-12-13T09:32:52+00:00","dateModified":"2023-02-19T17:50:26+00:00","breadcrumb":{"@id":"https:\/\/armadiodesign.com\/product\/model-6\/#breadcrumb"},"inLanguage":"en-GB","potentialAction":[{"@type":"ReadAction","target":["https:\/\/armadiodesign.com\/product\/model-6\/"]}]},{"@type":"ImageObject","inLanguage":"en-GB","@id":"https:\/\/armadiodesign.com\/product\/model-6\/#primaryimage","url":"https:\/\/armadiodesign.com\/wp-content\/uploads\/2019\/12\/MODEL-6-2.jpg","contentUrl":"https:\/\/armadiodesign.com\/wp-content\/uploads\/2019\/12\/MODEL-6-2.jpg","width":394,"height":700},{"@type":"BreadcrumbList","@id":"https:\/\/armadiodesign.com\/product\/model-6\/#breadcrumb","itemListElement":[{"@type":"ListItem","position":1,"name":"Ana sayfa","item":"https:\/\/armadiodesign.com\/"},{"@type":"ListItem","position":2,"name":"Shop","item":"https:\/\/armadiodesign.com\/shop\/"},{"@type":"ListItem","position":3,"name":"IONA"}]},{"@type":"WebSite","@id":"https:\/\/armadiodesign.com\/#website","url":"https:\/\/armadiodesign.com\/","name":"Kad\u0131n Giyim Markas\u0131 - Online Sat\u0131n Al | ARMADIO DESIGN","description":"Kad\u0131n giyimde g&uuml;ncel trendleri ke\u015ffedin!","publisher":{"@id":"https:\/\/armadiodesign.com\/#organization"},"potentialAction":[{"@type":"SearchAction","target":{"@type":"EntryPoint","urlTemplate":"https:\/\/armadiodesign.com\/?s={search_term_string}"},"query-input":{"@type":"PropertyValueSpecification","valueRequired":true,"valueName":"search_term_string"}}],"inLanguage":"en-GB"},{"@type":"Organization","@id":"https:\/\/armadiodesign.com\/#organization","name":"Armadio Design","url":"https:\/\/armadiodesign.com\/","logo":{"@type":"ImageObject","inLanguage":"en-GB","@id":"https:\/\/armadiodesign.com\/#\/schema\/logo\/image\/","url":"https:\/\/armadiodesign.com\/wp-content\/uploads\/2019\/12\/mail_logo.jpg","contentUrl":"https:\/\/armadiodesign.com\/wp-content\/uploads\/2019\/12\/mail_logo.jpg","width":540,"height":96,"caption":"Armadio Design"},"image":{"@id":"https:\/\/armadiodesign.com\/#\/schema\/logo\/image\/"}}]}},"jetpack_sharing_enabled":true,"_links":{"self":[{"href":"https:\/\/armadiodesign.com\/en\/wp-json\/wp\/v2\/product\/5170","targetHints":{"allow":["GET"]}}],"collection":[{"href":"https:\/\/armadiodesign.com\/en\/wp-json\/wp\/v2\/product"}],"about":[{"href":"https:\/\/armadiodesign.com\/en\/wp-json\/wp\/v2\/types\/product"}],"wp:featuredmedia":[{"embeddable":true,"href":"https:\/\/armadiodesign.com\/en\/wp-json\/wp\/v2\/media\/6123"}],"wp:attachment":[{"href":"https:\/\/armadiodesign.com\/en\/wp-json\/wp\/v2\/media?parent=5170"}],"wp:term":[{"taxonomy":"product_brand","embeddable":true,"href":"https:\/\/armadiodesign.com\/en\/wp-json\/wp\/v2\/product_brand?post=5170"},{"taxonomy":"product_cat","embeddable":true,"href":"https:\/\/armadiodesign.com\/en\/wp-json\/wp\/v2\/product_cat?post=5170"},{"taxonomy":"product_tag","embeddable":true,"href":"https:\/\/armadiodesign.com\/en\/wp-json\/wp\/v2\/product_tag?post=5170"},{"taxonomy":"woo-feed-brand","embeddable":true,"href":"https:\/\/armadiodesign.com\/en\/wp-json\/wp\/v2\/woo-feed-brand?post=5170"}],"curies":[{"name":"wp","href":"https:\/\/api.w.org\/{rel}","templated":true}]}}