{"id":12324,"date":"2021-12-09T20:45:50","date_gmt":"2021-12-09T17:45:50","guid":{"rendered":"https:\/\/armadiodesign.com\/?post_type=product&#038;p=12324"},"modified":"2024-05-31T17:00:48","modified_gmt":"2024-05-31T14:00:48","slug":"pina","status":"publish","type":"product","link":"https:\/\/armadiodesign.com\/en\/product\/pina\/","title":{"rendered":"PINA"},"content":{"rendered":"<p>\u0130nce ask\u0131l\u0131, V dekolte detayl\u0131, s\u0131rt k\u0131sm\u0131 gizli fermuar kapamal\u0131, astarl\u0131, scuba kuma\u015f mini elbise<br \/>\nSiyah scuba kuma\u015f %95 polyester %5EA<\/p>","protected":false},"excerpt":{"rendered":"<p>\u0130nce ask\u0131l\u0131<br \/>\nV dekolte detayl\u0131<br \/>\nS\u0131rt k\u0131sm\u0131 gizli fermuar kapamal\u0131<br \/>\nAstarl\u0131, scuba kuma\u015f mini elbise<br \/>\nSiyah scuba kuma\u015f %95 polyester %5EA<\/p>","protected":false},"featured_media":12348,"template":"","meta":[],"product_brand":[],"product_cat":[211,212,210],"product_tag":[],"woo-feed-brand":[],"class_list":{"0":"post-12324","1":"product","2":"type-product","3":"status-publish","4":"has-post-thumbnail","6":"product_cat-armadio-design-sonbahar-kis-2022","7":"product_cat-elbise-armadio-design-sonbahar-kis-2022","8":"product_cat-sonbahar-kis-2022","10":"first","11":"instock","12":"featured","13":"taxable","14":"shipping-taxable","15":"purchasable","16":"product-type-variable","17":"has-default-attributes"},"yoast_head":"<!-- This site is optimized with the Yoast SEO plugin v26.7 - https:\/\/yoast.com\/wordpress\/plugins\/seo\/ -->\n<title>PINA | Kad\u0131n Giyim Markas\u0131 - Online Sat\u0131n Al | ARMADIO DESIGN<\/title>\n<meta name=\"robots\" content=\"index, follow, max-snippet:-1, max-image-preview:large, max-video-preview:-1\" \/>\n<link rel=\"canonical\" href=\"https:\/\/armadiodesign.com\/en\/product\/pina\/\" \/>\n<meta property=\"og:locale\" content=\"en_GB\" \/>\n<meta property=\"og:type\" content=\"article\" \/>\n<meta property=\"og:title\" content=\"PINA | Kad\u0131n Giyim Markas\u0131 - Online Sat\u0131n Al | ARMADIO DESIGN\" \/>\n<meta property=\"og:description\" content=\"\u0130nce ask\u0131l\u0131 V dekolte detayl\u0131 S\u0131rt k\u0131sm\u0131 gizli fermuar kapamal\u0131 Astarl\u0131, scuba kuma\u015f mini elbise Siyah scuba kuma\u015f %95 polyester %5EA\" \/>\n<meta property=\"og:url\" content=\"https:\/\/armadiodesign.com\/en\/product\/pina\/\" \/>\n<meta property=\"og:site_name\" content=\"Kad\u0131n Giyim Markas\u0131 - Online Sat\u0131n Al | ARMADIO DESIGN\" \/>\n<meta property=\"article:modified_time\" content=\"2024-05-31T14:00:48+00:00\" \/>\n<meta property=\"og:image\" content=\"https:\/\/armadiodesign.com\/wp-content\/uploads\/2021\/12\/PINA-1.jpg\" \/>\n\t<meta property=\"og:image:width\" content=\"1200\" \/>\n\t<meta property=\"og:image:height\" content=\"1800\" \/>\n\t<meta property=\"og:image:type\" content=\"image\/jpeg\" \/>\n<meta name=\"twitter:card\" content=\"summary_large_image\" \/>\n<meta name=\"twitter:label1\" content=\"Estimated reading time\" \/>\n\t<meta name=\"twitter:data1\" content=\"1 minute\" \/>\n<script type=\"application\/ld+json\" class=\"yoast-schema-graph\">{\"@context\":\"https:\/\/schema.org\",\"@graph\":[{\"@type\":\"WebPage\",\"@id\":\"https:\/\/armadiodesign.com\/product\/pina\/\",\"url\":\"https:\/\/armadiodesign.com\/product\/pina\/\",\"name\":\"PINA | Kad\u0131n Giyim Markas\u0131 - Online Sat\u0131n Al | ARMADIO DESIGN\",\"isPartOf\":{\"@id\":\"https:\/\/armadiodesign.com\/#website\"},\"primaryImageOfPage\":{\"@id\":\"https:\/\/armadiodesign.com\/product\/pina\/#primaryimage\"},\"image\":{\"@id\":\"https:\/\/armadiodesign.com\/product\/pina\/#primaryimage\"},\"thumbnailUrl\":\"https:\/\/armadiodesign.com\/wp-content\/uploads\/2021\/12\/PINA-1.jpg\",\"datePublished\":\"2021-12-09T17:45:50+00:00\",\"dateModified\":\"2024-05-31T14:00:48+00:00\",\"breadcrumb\":{\"@id\":\"https:\/\/armadiodesign.com\/product\/pina\/#breadcrumb\"},\"inLanguage\":\"en-GB\",\"potentialAction\":[{\"@type\":\"ReadAction\",\"target\":[\"https:\/\/armadiodesign.com\/product\/pina\/\"]}]},{\"@type\":\"ImageObject\",\"inLanguage\":\"en-GB\",\"@id\":\"https:\/\/armadiodesign.com\/product\/pina\/#primaryimage\",\"url\":\"https:\/\/armadiodesign.com\/wp-content\/uploads\/2021\/12\/PINA-1.jpg\",\"contentUrl\":\"https:\/\/armadiodesign.com\/wp-content\/uploads\/2021\/12\/PINA-1.jpg\",\"width\":1200,\"height\":1800},{\"@type\":\"BreadcrumbList\",\"@id\":\"https:\/\/armadiodesign.com\/product\/pina\/#breadcrumb\",\"itemListElement\":[{\"@type\":\"ListItem\",\"position\":1,\"name\":\"Ana sayfa\",\"item\":\"https:\/\/armadiodesign.com\/\"},{\"@type\":\"ListItem\",\"position\":2,\"name\":\"Shop\",\"item\":\"https:\/\/armadiodesign.com\/shop\/\"},{\"@type\":\"ListItem\",\"position\":3,\"name\":\"PINA\"}]},{\"@type\":\"WebSite\",\"@id\":\"https:\/\/armadiodesign.com\/#website\",\"url\":\"https:\/\/armadiodesign.com\/\",\"name\":\"Kad\u0131n Giyim Markas\u0131 - Online Sat\u0131n Al | ARMADIO DESIGN\",\"description\":\"Kad\u0131n giyimde g&uuml;ncel trendleri ke\u015ffedin!\",\"publisher\":{\"@id\":\"https:\/\/armadiodesign.com\/#organization\"},\"potentialAction\":[{\"@type\":\"SearchAction\",\"target\":{\"@type\":\"EntryPoint\",\"urlTemplate\":\"https:\/\/armadiodesign.com\/?s={search_term_string}\"},\"query-input\":{\"@type\":\"PropertyValueSpecification\",\"valueRequired\":true,\"valueName\":\"search_term_string\"}}],\"inLanguage\":\"en-GB\"},{\"@type\":\"Organization\",\"@id\":\"https:\/\/armadiodesign.com\/#organization\",\"name\":\"Armadio Design\",\"url\":\"https:\/\/armadiodesign.com\/\",\"logo\":{\"@type\":\"ImageObject\",\"inLanguage\":\"en-GB\",\"@id\":\"https:\/\/armadiodesign.com\/#\/schema\/logo\/image\/\",\"url\":\"https:\/\/armadiodesign.com\/wp-content\/uploads\/2019\/12\/mail_logo.jpg\",\"contentUrl\":\"https:\/\/armadiodesign.com\/wp-content\/uploads\/2019\/12\/mail_logo.jpg\",\"width\":540,\"height\":96,\"caption\":\"Armadio Design\"},\"image\":{\"@id\":\"https:\/\/armadiodesign.com\/#\/schema\/logo\/image\/\"}}]}<\/script>\n<!-- \/ Yoast SEO plugin. -->","yoast_head_json":{"title":"PINA | Kad\u0131n Giyim Markas\u0131 - Online Sat\u0131n Al | ARMADIO DESIGN","robots":{"index":"index","follow":"follow","max-snippet":"max-snippet:-1","max-image-preview":"max-image-preview:large","max-video-preview":"max-video-preview:-1"},"canonical":"https:\/\/armadiodesign.com\/en\/product\/pina\/","og_locale":"en_GB","og_type":"article","og_title":"PINA | Kad\u0131n Giyim Markas\u0131 - Online Sat\u0131n Al | ARMADIO DESIGN","og_description":"\u0130nce ask\u0131l\u0131 V dekolte detayl\u0131 S\u0131rt k\u0131sm\u0131 gizli fermuar kapamal\u0131 Astarl\u0131, scuba kuma\u015f mini elbise Siyah scuba kuma\u015f %95 polyester %5EA","og_url":"https:\/\/armadiodesign.com\/en\/product\/pina\/","og_site_name":"Kad\u0131n Giyim Markas\u0131 - Online Sat\u0131n Al | ARMADIO DESIGN","article_modified_time":"2024-05-31T14:00:48+00:00","og_image":[{"width":1200,"height":1800,"url":"https:\/\/armadiodesign.com\/wp-content\/uploads\/2021\/12\/PINA-1.jpg","type":"image\/jpeg"}],"twitter_card":"summary_large_image","twitter_misc":{"Estimated reading time":"1 minute"},"schema":{"@context":"https:\/\/schema.org","@graph":[{"@type":"WebPage","@id":"https:\/\/armadiodesign.com\/product\/pina\/","url":"https:\/\/armadiodesign.com\/product\/pina\/","name":"PINA | Kad\u0131n Giyim Markas\u0131 - Online Sat\u0131n Al | ARMADIO DESIGN","isPartOf":{"@id":"https:\/\/armadiodesign.com\/#website"},"primaryImageOfPage":{"@id":"https:\/\/armadiodesign.com\/product\/pina\/#primaryimage"},"image":{"@id":"https:\/\/armadiodesign.com\/product\/pina\/#primaryimage"},"thumbnailUrl":"https:\/\/armadiodesign.com\/wp-content\/uploads\/2021\/12\/PINA-1.jpg","datePublished":"2021-12-09T17:45:50+00:00","dateModified":"2024-05-31T14:00:48+00:00","breadcrumb":{"@id":"https:\/\/armadiodesign.com\/product\/pina\/#breadcrumb"},"inLanguage":"en-GB","potentialAction":[{"@type":"ReadAction","target":["https:\/\/armadiodesign.com\/product\/pina\/"]}]},{"@type":"ImageObject","inLanguage":"en-GB","@id":"https:\/\/armadiodesign.com\/product\/pina\/#primaryimage","url":"https:\/\/armadiodesign.com\/wp-content\/uploads\/2021\/12\/PINA-1.jpg","contentUrl":"https:\/\/armadiodesign.com\/wp-content\/uploads\/2021\/12\/PINA-1.jpg","width":1200,"height":1800},{"@type":"BreadcrumbList","@id":"https:\/\/armadiodesign.com\/product\/pina\/#breadcrumb","itemListElement":[{"@type":"ListItem","position":1,"name":"Ana sayfa","item":"https:\/\/armadiodesign.com\/"},{"@type":"ListItem","position":2,"name":"Shop","item":"https:\/\/armadiodesign.com\/shop\/"},{"@type":"ListItem","position":3,"name":"PINA"}]},{"@type":"WebSite","@id":"https:\/\/armadiodesign.com\/#website","url":"https:\/\/armadiodesign.com\/","name":"Kad\u0131n Giyim Markas\u0131 - Online Sat\u0131n Al | ARMADIO DESIGN","description":"Kad\u0131n giyimde g&uuml;ncel trendleri ke\u015ffedin!","publisher":{"@id":"https:\/\/armadiodesign.com\/#organization"},"potentialAction":[{"@type":"SearchAction","target":{"@type":"EntryPoint","urlTemplate":"https:\/\/armadiodesign.com\/?s={search_term_string}"},"query-input":{"@type":"PropertyValueSpecification","valueRequired":true,"valueName":"search_term_string"}}],"inLanguage":"en-GB"},{"@type":"Organization","@id":"https:\/\/armadiodesign.com\/#organization","name":"Armadio Design","url":"https:\/\/armadiodesign.com\/","logo":{"@type":"ImageObject","inLanguage":"en-GB","@id":"https:\/\/armadiodesign.com\/#\/schema\/logo\/image\/","url":"https:\/\/armadiodesign.com\/wp-content\/uploads\/2019\/12\/mail_logo.jpg","contentUrl":"https:\/\/armadiodesign.com\/wp-content\/uploads\/2019\/12\/mail_logo.jpg","width":540,"height":96,"caption":"Armadio Design"},"image":{"@id":"https:\/\/armadiodesign.com\/#\/schema\/logo\/image\/"}}]}},"jetpack_sharing_enabled":true,"_links":{"self":[{"href":"https:\/\/armadiodesign.com\/en\/wp-json\/wp\/v2\/product\/12324","targetHints":{"allow":["GET"]}}],"collection":[{"href":"https:\/\/armadiodesign.com\/en\/wp-json\/wp\/v2\/product"}],"about":[{"href":"https:\/\/armadiodesign.com\/en\/wp-json\/wp\/v2\/types\/product"}],"wp:featuredmedia":[{"embeddable":true,"href":"https:\/\/armadiodesign.com\/en\/wp-json\/wp\/v2\/media\/12348"}],"wp:attachment":[{"href":"https:\/\/armadiodesign.com\/en\/wp-json\/wp\/v2\/media?parent=12324"}],"wp:term":[{"taxonomy":"product_brand","embeddable":true,"href":"https:\/\/armadiodesign.com\/en\/wp-json\/wp\/v2\/product_brand?post=12324"},{"taxonomy":"product_cat","embeddable":true,"href":"https:\/\/armadiodesign.com\/en\/wp-json\/wp\/v2\/product_cat?post=12324"},{"taxonomy":"product_tag","embeddable":true,"href":"https:\/\/armadiodesign.com\/en\/wp-json\/wp\/v2\/product_tag?post=12324"},{"taxonomy":"woo-feed-brand","embeddable":true,"href":"https:\/\/armadiodesign.com\/en\/wp-json\/wp\/v2\/woo-feed-brand?post=12324"}],"curies":[{"name":"wp","href":"https:\/\/api.w.org\/{rel}","templated":true}]}}