{"id":11810,"date":"2021-01-23T15:36:13","date_gmt":"2021-01-23T12:36:13","guid":{"rendered":"https:\/\/armadiodesign.com\/?post_type=product&#038;p=11810"},"modified":"2024-09-17T13:34:53","modified_gmt":"2024-09-17T10:34:53","slug":"ahenk-3","status":"publish","type":"product","link":"https:\/\/armadiodesign.com\/en\/product\/ahenk-3\/","title":{"rendered":"AHENK 3"},"content":{"rendered":"<p>4 d\u00fc\u011fmeli, astarl\u0131, ayarlanabilir kemer detayl\u0131, ipek tafta yelek, %88 y\u00fcn, %8 polyamid, %4 elastan<\/p>","protected":false},"excerpt":{"rendered":"<p>4 d\u00fc\u011fmeli<br \/>\nAstarl\u0131<br \/>\nAyarlanabilir kemer detayl\u0131<br \/>\n\u0130pek tafta yelek<br \/>\n%88 y\u00fcn<br \/>\n%8 polyamid<br \/>\n%4 elastan<\/p>","protected":false},"featured_media":11688,"template":"","meta":[],"product_brand":[],"product_cat":[202,205],"product_tag":[],"woo-feed-brand":[],"class_list":{"0":"post-11810","1":"product","2":"type-product","3":"status-publish","4":"has-post-thumbnail","6":"product_cat-tahayyul","7":"product_cat-yelek-tahayyul","9":"first","10":"instock","11":"taxable","12":"shipping-taxable","13":"purchasable","14":"product-type-variable"},"yoast_head":"<!-- This site is optimized with the Yoast SEO plugin v26.7 - https:\/\/yoast.com\/wordpress\/plugins\/seo\/ -->\n<title>AHENK 3 | Kad\u0131n Giyim Markas\u0131 - Online Sat\u0131n Al | ARMADIO DESIGN<\/title>\n<meta name=\"robots\" content=\"index, follow, max-snippet:-1, max-image-preview:large, max-video-preview:-1\" \/>\n<link rel=\"canonical\" href=\"https:\/\/armadiodesign.com\/en\/product\/ahenk-3\/\" \/>\n<meta property=\"og:locale\" content=\"en_GB\" \/>\n<meta property=\"og:type\" content=\"article\" \/>\n<meta property=\"og:title\" content=\"AHENK 3 | Kad\u0131n Giyim Markas\u0131 - Online Sat\u0131n Al | ARMADIO DESIGN\" \/>\n<meta property=\"og:description\" content=\"4 d\u00fc\u011fmeli Astarl\u0131 Ayarlanabilir kemer detayl\u0131 \u0130pek tafta yelek %88 y\u00fcn %8 polyamid %4 elastan\" \/>\n<meta property=\"og:url\" content=\"https:\/\/armadiodesign.com\/en\/product\/ahenk-3\/\" \/>\n<meta property=\"og:site_name\" content=\"Kad\u0131n Giyim Markas\u0131 - Online Sat\u0131n Al | ARMADIO DESIGN\" \/>\n<meta property=\"article:modified_time\" content=\"2024-09-17T10:34:53+00:00\" \/>\n<meta property=\"og:image\" content=\"https:\/\/armadiodesign.com\/wp-content\/uploads\/2021\/01\/AHENK-3-1-scaled.jpg\" \/>\n\t<meta property=\"og:image:width\" content=\"1829\" \/>\n\t<meta property=\"og:image:height\" content=\"2560\" \/>\n\t<meta property=\"og:image:type\" content=\"image\/jpeg\" \/>\n<meta name=\"twitter:card\" content=\"summary_large_image\" \/>\n<meta name=\"twitter:label1\" content=\"Estimated reading time\" \/>\n\t<meta name=\"twitter:data1\" content=\"1 minute\" \/>\n<script type=\"application\/ld+json\" class=\"yoast-schema-graph\">{\"@context\":\"https:\/\/schema.org\",\"@graph\":[{\"@type\":\"WebPage\",\"@id\":\"https:\/\/armadiodesign.com\/product\/ahenk-3\/\",\"url\":\"https:\/\/armadiodesign.com\/product\/ahenk-3\/\",\"name\":\"AHENK 3 | Kad\u0131n Giyim Markas\u0131 - Online Sat\u0131n Al | ARMADIO DESIGN\",\"isPartOf\":{\"@id\":\"https:\/\/armadiodesign.com\/#website\"},\"primaryImageOfPage\":{\"@id\":\"https:\/\/armadiodesign.com\/product\/ahenk-3\/#primaryimage\"},\"image\":{\"@id\":\"https:\/\/armadiodesign.com\/product\/ahenk-3\/#primaryimage\"},\"thumbnailUrl\":\"https:\/\/armadiodesign.com\/wp-content\/uploads\/2021\/01\/AHENK-3-1-scaled.jpg\",\"datePublished\":\"2021-01-23T12:36:13+00:00\",\"dateModified\":\"2024-09-17T10:34:53+00:00\",\"breadcrumb\":{\"@id\":\"https:\/\/armadiodesign.com\/product\/ahenk-3\/#breadcrumb\"},\"inLanguage\":\"en-GB\",\"potentialAction\":[{\"@type\":\"ReadAction\",\"target\":[\"https:\/\/armadiodesign.com\/product\/ahenk-3\/\"]}]},{\"@type\":\"ImageObject\",\"inLanguage\":\"en-GB\",\"@id\":\"https:\/\/armadiodesign.com\/product\/ahenk-3\/#primaryimage\",\"url\":\"https:\/\/armadiodesign.com\/wp-content\/uploads\/2021\/01\/AHENK-3-1-scaled.jpg\",\"contentUrl\":\"https:\/\/armadiodesign.com\/wp-content\/uploads\/2021\/01\/AHENK-3-1-scaled.jpg\",\"width\":1829,\"height\":2560},{\"@type\":\"BreadcrumbList\",\"@id\":\"https:\/\/armadiodesign.com\/product\/ahenk-3\/#breadcrumb\",\"itemListElement\":[{\"@type\":\"ListItem\",\"position\":1,\"name\":\"Ana sayfa\",\"item\":\"https:\/\/armadiodesign.com\/\"},{\"@type\":\"ListItem\",\"position\":2,\"name\":\"Shop\",\"item\":\"https:\/\/armadiodesign.com\/shop\/\"},{\"@type\":\"ListItem\",\"position\":3,\"name\":\"AHENK 3\"}]},{\"@type\":\"WebSite\",\"@id\":\"https:\/\/armadiodesign.com\/#website\",\"url\":\"https:\/\/armadiodesign.com\/\",\"name\":\"Kad\u0131n Giyim Markas\u0131 - Online Sat\u0131n Al | ARMADIO DESIGN\",\"description\":\"Kad\u0131n giyimde g&uuml;ncel trendleri ke\u015ffedin!\",\"publisher\":{\"@id\":\"https:\/\/armadiodesign.com\/#organization\"},\"potentialAction\":[{\"@type\":\"SearchAction\",\"target\":{\"@type\":\"EntryPoint\",\"urlTemplate\":\"https:\/\/armadiodesign.com\/?s={search_term_string}\"},\"query-input\":{\"@type\":\"PropertyValueSpecification\",\"valueRequired\":true,\"valueName\":\"search_term_string\"}}],\"inLanguage\":\"en-GB\"},{\"@type\":\"Organization\",\"@id\":\"https:\/\/armadiodesign.com\/#organization\",\"name\":\"Armadio Design\",\"url\":\"https:\/\/armadiodesign.com\/\",\"logo\":{\"@type\":\"ImageObject\",\"inLanguage\":\"en-GB\",\"@id\":\"https:\/\/armadiodesign.com\/#\/schema\/logo\/image\/\",\"url\":\"https:\/\/armadiodesign.com\/wp-content\/uploads\/2019\/12\/mail_logo.jpg\",\"contentUrl\":\"https:\/\/armadiodesign.com\/wp-content\/uploads\/2019\/12\/mail_logo.jpg\",\"width\":540,\"height\":96,\"caption\":\"Armadio Design\"},\"image\":{\"@id\":\"https:\/\/armadiodesign.com\/#\/schema\/logo\/image\/\"}}]}<\/script>\n<!-- \/ Yoast SEO plugin. -->","yoast_head_json":{"title":"AHENK 3 | Kad\u0131n Giyim Markas\u0131 - Online Sat\u0131n Al | ARMADIO DESIGN","robots":{"index":"index","follow":"follow","max-snippet":"max-snippet:-1","max-image-preview":"max-image-preview:large","max-video-preview":"max-video-preview:-1"},"canonical":"https:\/\/armadiodesign.com\/en\/product\/ahenk-3\/","og_locale":"en_GB","og_type":"article","og_title":"AHENK 3 | Kad\u0131n Giyim Markas\u0131 - Online Sat\u0131n Al | ARMADIO DESIGN","og_description":"4 d\u00fc\u011fmeli Astarl\u0131 Ayarlanabilir kemer detayl\u0131 \u0130pek tafta yelek %88 y\u00fcn %8 polyamid %4 elastan","og_url":"https:\/\/armadiodesign.com\/en\/product\/ahenk-3\/","og_site_name":"Kad\u0131n Giyim Markas\u0131 - Online Sat\u0131n Al | ARMADIO DESIGN","article_modified_time":"2024-09-17T10:34:53+00:00","og_image":[{"width":1829,"height":2560,"url":"https:\/\/armadiodesign.com\/wp-content\/uploads\/2021\/01\/AHENK-3-1-scaled.jpg","type":"image\/jpeg"}],"twitter_card":"summary_large_image","twitter_misc":{"Estimated reading time":"1 minute"},"schema":{"@context":"https:\/\/schema.org","@graph":[{"@type":"WebPage","@id":"https:\/\/armadiodesign.com\/product\/ahenk-3\/","url":"https:\/\/armadiodesign.com\/product\/ahenk-3\/","name":"AHENK 3 | Kad\u0131n Giyim Markas\u0131 - Online Sat\u0131n Al | ARMADIO DESIGN","isPartOf":{"@id":"https:\/\/armadiodesign.com\/#website"},"primaryImageOfPage":{"@id":"https:\/\/armadiodesign.com\/product\/ahenk-3\/#primaryimage"},"image":{"@id":"https:\/\/armadiodesign.com\/product\/ahenk-3\/#primaryimage"},"thumbnailUrl":"https:\/\/armadiodesign.com\/wp-content\/uploads\/2021\/01\/AHENK-3-1-scaled.jpg","datePublished":"2021-01-23T12:36:13+00:00","dateModified":"2024-09-17T10:34:53+00:00","breadcrumb":{"@id":"https:\/\/armadiodesign.com\/product\/ahenk-3\/#breadcrumb"},"inLanguage":"en-GB","potentialAction":[{"@type":"ReadAction","target":["https:\/\/armadiodesign.com\/product\/ahenk-3\/"]}]},{"@type":"ImageObject","inLanguage":"en-GB","@id":"https:\/\/armadiodesign.com\/product\/ahenk-3\/#primaryimage","url":"https:\/\/armadiodesign.com\/wp-content\/uploads\/2021\/01\/AHENK-3-1-scaled.jpg","contentUrl":"https:\/\/armadiodesign.com\/wp-content\/uploads\/2021\/01\/AHENK-3-1-scaled.jpg","width":1829,"height":2560},{"@type":"BreadcrumbList","@id":"https:\/\/armadiodesign.com\/product\/ahenk-3\/#breadcrumb","itemListElement":[{"@type":"ListItem","position":1,"name":"Ana sayfa","item":"https:\/\/armadiodesign.com\/"},{"@type":"ListItem","position":2,"name":"Shop","item":"https:\/\/armadiodesign.com\/shop\/"},{"@type":"ListItem","position":3,"name":"AHENK 3"}]},{"@type":"WebSite","@id":"https:\/\/armadiodesign.com\/#website","url":"https:\/\/armadiodesign.com\/","name":"Kad\u0131n Giyim Markas\u0131 - Online Sat\u0131n Al | ARMADIO DESIGN","description":"Kad\u0131n giyimde g&uuml;ncel trendleri ke\u015ffedin!","publisher":{"@id":"https:\/\/armadiodesign.com\/#organization"},"potentialAction":[{"@type":"SearchAction","target":{"@type":"EntryPoint","urlTemplate":"https:\/\/armadiodesign.com\/?s={search_term_string}"},"query-input":{"@type":"PropertyValueSpecification","valueRequired":true,"valueName":"search_term_string"}}],"inLanguage":"en-GB"},{"@type":"Organization","@id":"https:\/\/armadiodesign.com\/#organization","name":"Armadio Design","url":"https:\/\/armadiodesign.com\/","logo":{"@type":"ImageObject","inLanguage":"en-GB","@id":"https:\/\/armadiodesign.com\/#\/schema\/logo\/image\/","url":"https:\/\/armadiodesign.com\/wp-content\/uploads\/2019\/12\/mail_logo.jpg","contentUrl":"https:\/\/armadiodesign.com\/wp-content\/uploads\/2019\/12\/mail_logo.jpg","width":540,"height":96,"caption":"Armadio Design"},"image":{"@id":"https:\/\/armadiodesign.com\/#\/schema\/logo\/image\/"}}]}},"jetpack_sharing_enabled":true,"_links":{"self":[{"href":"https:\/\/armadiodesign.com\/en\/wp-json\/wp\/v2\/product\/11810","targetHints":{"allow":["GET"]}}],"collection":[{"href":"https:\/\/armadiodesign.com\/en\/wp-json\/wp\/v2\/product"}],"about":[{"href":"https:\/\/armadiodesign.com\/en\/wp-json\/wp\/v2\/types\/product"}],"wp:featuredmedia":[{"embeddable":true,"href":"https:\/\/armadiodesign.com\/en\/wp-json\/wp\/v2\/media\/11688"}],"wp:attachment":[{"href":"https:\/\/armadiodesign.com\/en\/wp-json\/wp\/v2\/media?parent=11810"}],"wp:term":[{"taxonomy":"product_brand","embeddable":true,"href":"https:\/\/armadiodesign.com\/en\/wp-json\/wp\/v2\/product_brand?post=11810"},{"taxonomy":"product_cat","embeddable":true,"href":"https:\/\/armadiodesign.com\/en\/wp-json\/wp\/v2\/product_cat?post=11810"},{"taxonomy":"product_tag","embeddable":true,"href":"https:\/\/armadiodesign.com\/en\/wp-json\/wp\/v2\/product_tag?post=11810"},{"taxonomy":"woo-feed-brand","embeddable":true,"href":"https:\/\/armadiodesign.com\/en\/wp-json\/wp\/v2\/woo-feed-brand?post=11810"}],"curies":[{"name":"wp","href":"https:\/\/api.w.org\/{rel}","templated":true}]}}