{"id":5276,"date":"2019-12-13T15:20:07","date_gmt":"2019-12-13T15:20:07","guid":{"rendered":"https:\/\/armadiodesign.com\/?page_id=5276"},"modified":"2023-05-17T11:41:39","modified_gmt":"2023-05-17T08:41:39","slug":"odeme-bilgileri","status":"publish","type":"page","link":"https:\/\/armadiodesign.com\/en\/odeme-bilgileri\/","title":{"rendered":"PAYMENT INFORMATION"},"content":{"rendered":"<h3>PAYMENT INFORMATION<\/h3>\n<p>Sitemizden Visa ve Mastercard kredi kartlar\u0131n\u0131zla veya a\u015fa\u011f\u0131da bilgileri verilen hesab\u0131m\u0131za havale yaparak al\u0131\u015fveri\u015f yapabilirsiniz.<\/p>\n<p>Kredi kart\u0131 \u00f6demeniz onayland\u0131ktan ya da havaleniz hesab\u0131m\u0131za ula\u015ft\u0131ktan sonra sipari\u015finiz haz\u0131rlanarak kargoya verilecektir.<\/p>\n<p>Havale ile yapt\u0131\u011f\u0131n\u0131z al\u0131\u015fveri\u015flerde l\u00fctfen a\u00e7\u0131klama k\u0131sm\u0131na sipari\u015f onay\u0131ndan sonra olu\u015facak olan sipari\u015f numaran\u0131z\u0131 ekleyiniz.<\/p>\n<p>GARANT\u0130 BANKASI<\/p>\n<p>TEKST\u0130LKENT \u015eubesi<\/p>\n<p>Hesap No: 1120-6294299<\/p>\n<p>Iban: TR54 0006 2001 1200 0006 2942 99<\/p>\n<p>Al\u0131c\u0131 Ad\u0131: ARMADIO DESING TEKST\u0130L SANAY\u0130 VE T\u0130CARET L\u0130M\u0130TED \u015e\u0130RKET\u0130<\/p>","protected":false},"excerpt":{"rendered":"<p>\u00d6DEME B\u0130LG\u0130LER\u0130 Sitemizden Visa ve Mastercard kredi kartlar\u0131n\u0131zla veya a\u015fa\u011f\u0131da bilgileri verilen hesab\u0131m\u0131za havale yaparak al\u0131\u015fveri\u015f yapabilirsiniz. Kredi kart\u0131 \u00f6demeniz onayland\u0131ktan ya da havaleniz hesab\u0131m\u0131za ula\u015ft\u0131ktan sonra sipari\u015finiz haz\u0131rlanarak kargoya verilecektir. Havale ile yapt\u0131\u011f\u0131n\u0131z al\u0131\u015fveri\u015flerde l\u00fctfen a\u00e7\u0131klama k\u0131sm\u0131na sipari\u015f onay\u0131ndan sonra olu\u015facak olan sipari\u015f numaran\u0131z\u0131 ekleyiniz. GARANT\u0130 BANKASI TEKST\u0130LKENT \u015eubesi Hesap No: 1120-6294299 Iban: TR54 [&hellip;]<\/p>","protected":false},"author":1,"featured_media":0,"parent":0,"menu_order":0,"comment_status":"closed","ping_status":"closed","template":"","meta":{"footnotes":""},"class_list":["post-5276","page","type-page","status-publish","hentry"],"yoast_head":"<!-- This site is optimized with the Yoast SEO plugin v26.7 - https:\/\/yoast.com\/wordpress\/plugins\/seo\/ -->\n<title>\u00d6DEME B\u0130LG\u0130LER\u0130 | Kad\u0131n Giyim Markas\u0131 - Online Sat\u0131n Al | ARMADIO DESIGN<\/title>\n<meta name=\"robots\" content=\"index, follow, max-snippet:-1, max-image-preview:large, max-video-preview:-1\" \/>\n<link rel=\"canonical\" href=\"https:\/\/armadiodesign.com\/en\/odeme-bilgileri\/\" \/>\n<meta property=\"og:locale\" content=\"en_GB\" \/>\n<meta property=\"og:type\" content=\"article\" \/>\n<meta property=\"og:title\" content=\"\u00d6DEME B\u0130LG\u0130LER\u0130 | Kad\u0131n Giyim Markas\u0131 - Online Sat\u0131n Al | ARMADIO DESIGN\" \/>\n<meta property=\"og:description\" content=\"\u00d6DEME B\u0130LG\u0130LER\u0130 Sitemizden Visa ve Mastercard kredi kartlar\u0131n\u0131zla veya a\u015fa\u011f\u0131da bilgileri verilen hesab\u0131m\u0131za havale yaparak al\u0131\u015fveri\u015f yapabilirsiniz. Kredi kart\u0131 \u00f6demeniz onayland\u0131ktan ya da havaleniz hesab\u0131m\u0131za ula\u015ft\u0131ktan sonra sipari\u015finiz haz\u0131rlanarak kargoya verilecektir. Havale ile yapt\u0131\u011f\u0131n\u0131z al\u0131\u015fveri\u015flerde l\u00fctfen a\u00e7\u0131klama k\u0131sm\u0131na sipari\u015f onay\u0131ndan sonra olu\u015facak olan sipari\u015f numaran\u0131z\u0131 ekleyiniz. GARANT\u0130 BANKASI TEKST\u0130LKENT \u015eubesi Hesap No: 1120-6294299 Iban: TR54 [&hellip;]\" \/>\n<meta property=\"og:url\" content=\"https:\/\/armadiodesign.com\/en\/odeme-bilgileri\/\" \/>\n<meta property=\"og:site_name\" content=\"Kad\u0131n Giyim Markas\u0131 - Online Sat\u0131n Al | ARMADIO DESIGN\" \/>\n<meta property=\"article:modified_time\" content=\"2023-05-17T08:41:39+00:00\" \/>\n<meta name=\"twitter:card\" content=\"summary_large_image\" \/>\n<meta name=\"twitter:label1\" content=\"Estimated reading time\" \/>\n\t<meta name=\"twitter:data1\" content=\"1 minute\" \/>\n<script type=\"application\/ld+json\" class=\"yoast-schema-graph\">{\"@context\":\"https:\/\/schema.org\",\"@graph\":[{\"@type\":\"WebPage\",\"@id\":\"https:\/\/armadiodesign.com\/odeme-bilgileri\/\",\"url\":\"https:\/\/armadiodesign.com\/odeme-bilgileri\/\",\"name\":\"\u00d6DEME B\u0130LG\u0130LER\u0130 | Kad\u0131n Giyim Markas\u0131 - Online Sat\u0131n Al | ARMADIO DESIGN\",\"isPartOf\":{\"@id\":\"https:\/\/armadiodesign.com\/#website\"},\"datePublished\":\"2019-12-13T15:20:07+00:00\",\"dateModified\":\"2023-05-17T08:41:39+00:00\",\"breadcrumb\":{\"@id\":\"https:\/\/armadiodesign.com\/odeme-bilgileri\/#breadcrumb\"},\"inLanguage\":\"en-GB\",\"potentialAction\":[{\"@type\":\"ReadAction\",\"target\":[\"https:\/\/armadiodesign.com\/odeme-bilgileri\/\"]}]},{\"@type\":\"BreadcrumbList\",\"@id\":\"https:\/\/armadiodesign.com\/odeme-bilgileri\/#breadcrumb\",\"itemListElement\":[{\"@type\":\"ListItem\",\"position\":1,\"name\":\"Ana sayfa\",\"item\":\"https:\/\/armadiodesign.com\/\"},{\"@type\":\"ListItem\",\"position\":2,\"name\":\"\u00d6DEME B\u0130LG\u0130LER\u0130\"}]},{\"@type\":\"WebSite\",\"@id\":\"https:\/\/armadiodesign.com\/#website\",\"url\":\"https:\/\/armadiodesign.com\/\",\"name\":\"Kad\u0131n Giyim Markas\u0131 - Online Sat\u0131n Al | ARMADIO DESIGN\",\"description\":\"Kad\u0131n giyimde g&uuml;ncel trendleri ke\u015ffedin!\",\"publisher\":{\"@id\":\"https:\/\/armadiodesign.com\/#organization\"},\"potentialAction\":[{\"@type\":\"SearchAction\",\"target\":{\"@type\":\"EntryPoint\",\"urlTemplate\":\"https:\/\/armadiodesign.com\/?s={search_term_string}\"},\"query-input\":{\"@type\":\"PropertyValueSpecification\",\"valueRequired\":true,\"valueName\":\"search_term_string\"}}],\"inLanguage\":\"en-GB\"},{\"@type\":\"Organization\",\"@id\":\"https:\/\/armadiodesign.com\/#organization\",\"name\":\"Armadio Design\",\"url\":\"https:\/\/armadiodesign.com\/\",\"logo\":{\"@type\":\"ImageObject\",\"inLanguage\":\"en-GB\",\"@id\":\"https:\/\/armadiodesign.com\/#\/schema\/logo\/image\/\",\"url\":\"https:\/\/armadiodesign.com\/wp-content\/uploads\/2019\/12\/mail_logo.jpg\",\"contentUrl\":\"https:\/\/armadiodesign.com\/wp-content\/uploads\/2019\/12\/mail_logo.jpg\",\"width\":540,\"height\":96,\"caption\":\"Armadio Design\"},\"image\":{\"@id\":\"https:\/\/armadiodesign.com\/#\/schema\/logo\/image\/\"}}]}<\/script>\n<!-- \/ Yoast SEO plugin. -->","yoast_head_json":{"title":"\u00d6DEME B\u0130LG\u0130LER\u0130 | Kad\u0131n Giyim Markas\u0131 - Online Sat\u0131n Al | ARMADIO DESIGN","robots":{"index":"index","follow":"follow","max-snippet":"max-snippet:-1","max-image-preview":"max-image-preview:large","max-video-preview":"max-video-preview:-1"},"canonical":"https:\/\/armadiodesign.com\/en\/odeme-bilgileri\/","og_locale":"en_GB","og_type":"article","og_title":"\u00d6DEME B\u0130LG\u0130LER\u0130 | Kad\u0131n Giyim Markas\u0131 - Online Sat\u0131n Al | ARMADIO DESIGN","og_description":"\u00d6DEME B\u0130LG\u0130LER\u0130 Sitemizden Visa ve Mastercard kredi kartlar\u0131n\u0131zla veya a\u015fa\u011f\u0131da bilgileri verilen hesab\u0131m\u0131za havale yaparak al\u0131\u015fveri\u015f yapabilirsiniz. Kredi kart\u0131 \u00f6demeniz onayland\u0131ktan ya da havaleniz hesab\u0131m\u0131za ula\u015ft\u0131ktan sonra sipari\u015finiz haz\u0131rlanarak kargoya verilecektir. Havale ile yapt\u0131\u011f\u0131n\u0131z al\u0131\u015fveri\u015flerde l\u00fctfen a\u00e7\u0131klama k\u0131sm\u0131na sipari\u015f onay\u0131ndan sonra olu\u015facak olan sipari\u015f numaran\u0131z\u0131 ekleyiniz. GARANT\u0130 BANKASI TEKST\u0130LKENT \u015eubesi Hesap No: 1120-6294299 Iban: TR54 [&hellip;]","og_url":"https:\/\/armadiodesign.com\/en\/odeme-bilgileri\/","og_site_name":"Kad\u0131n Giyim Markas\u0131 - Online Sat\u0131n Al | ARMADIO DESIGN","article_modified_time":"2023-05-17T08:41:39+00:00","twitter_card":"summary_large_image","twitter_misc":{"Estimated reading time":"1 minute"},"schema":{"@context":"https:\/\/schema.org","@graph":[{"@type":"WebPage","@id":"https:\/\/armadiodesign.com\/odeme-bilgileri\/","url":"https:\/\/armadiodesign.com\/odeme-bilgileri\/","name":"\u00d6DEME B\u0130LG\u0130LER\u0130 | Kad\u0131n Giyim Markas\u0131 - Online Sat\u0131n Al | ARMADIO DESIGN","isPartOf":{"@id":"https:\/\/armadiodesign.com\/#website"},"datePublished":"2019-12-13T15:20:07+00:00","dateModified":"2023-05-17T08:41:39+00:00","breadcrumb":{"@id":"https:\/\/armadiodesign.com\/odeme-bilgileri\/#breadcrumb"},"inLanguage":"en-GB","potentialAction":[{"@type":"ReadAction","target":["https:\/\/armadiodesign.com\/odeme-bilgileri\/"]}]},{"@type":"BreadcrumbList","@id":"https:\/\/armadiodesign.com\/odeme-bilgileri\/#breadcrumb","itemListElement":[{"@type":"ListItem","position":1,"name":"Ana sayfa","item":"https:\/\/armadiodesign.com\/"},{"@type":"ListItem","position":2,"name":"\u00d6DEME B\u0130LG\u0130LER\u0130"}]},{"@type":"WebSite","@id":"https:\/\/armadiodesign.com\/#website","url":"https:\/\/armadiodesign.com\/","name":"Kad\u0131n Giyim Markas\u0131 - Online Sat\u0131n Al | ARMADIO DESIGN","description":"Kad\u0131n giyimde g&uuml;ncel trendleri ke\u015ffedin!","publisher":{"@id":"https:\/\/armadiodesign.com\/#organization"},"potentialAction":[{"@type":"SearchAction","target":{"@type":"EntryPoint","urlTemplate":"https:\/\/armadiodesign.com\/?s={search_term_string}"},"query-input":{"@type":"PropertyValueSpecification","valueRequired":true,"valueName":"search_term_string"}}],"inLanguage":"en-GB"},{"@type":"Organization","@id":"https:\/\/armadiodesign.com\/#organization","name":"Armadio Design","url":"https:\/\/armadiodesign.com\/","logo":{"@type":"ImageObject","inLanguage":"en-GB","@id":"https:\/\/armadiodesign.com\/#\/schema\/logo\/image\/","url":"https:\/\/armadiodesign.com\/wp-content\/uploads\/2019\/12\/mail_logo.jpg","contentUrl":"https:\/\/armadiodesign.com\/wp-content\/uploads\/2019\/12\/mail_logo.jpg","width":540,"height":96,"caption":"Armadio Design"},"image":{"@id":"https:\/\/armadiodesign.com\/#\/schema\/logo\/image\/"}}]}},"jetpack_sharing_enabled":true,"_links":{"self":[{"href":"https:\/\/armadiodesign.com\/en\/wp-json\/wp\/v2\/pages\/5276","targetHints":{"allow":["GET"]}}],"collection":[{"href":"https:\/\/armadiodesign.com\/en\/wp-json\/wp\/v2\/pages"}],"about":[{"href":"https:\/\/armadiodesign.com\/en\/wp-json\/wp\/v2\/types\/page"}],"author":[{"embeddable":true,"href":"https:\/\/armadiodesign.com\/en\/wp-json\/wp\/v2\/users\/1"}],"replies":[{"embeddable":true,"href":"https:\/\/armadiodesign.com\/en\/wp-json\/wp\/v2\/comments?post=5276"}],"version-history":[{"count":5,"href":"https:\/\/armadiodesign.com\/en\/wp-json\/wp\/v2\/pages\/5276\/revisions"}],"predecessor-version":[{"id":13598,"href":"https:\/\/armadiodesign.com\/en\/wp-json\/wp\/v2\/pages\/5276\/revisions\/13598"}],"wp:attachment":[{"href":"https:\/\/armadiodesign.com\/en\/wp-json\/wp\/v2\/media?parent=5276"}],"curies":[{"name":"wp","href":"https:\/\/api.w.org\/{rel}","templated":true}]}}