{"id":5267,"date":"2019-12-13T15:13:38","date_gmt":"2019-12-13T15:13:38","guid":{"rendered":"https:\/\/armadiodesign.com\/?page_id=5267"},"modified":"2019-12-22T13:29:15","modified_gmt":"2019-12-22T10:29:15","slug":"odeme-guvenligi","status":"publish","type":"page","link":"https:\/\/armadiodesign.com\/en\/odeme-guvenligi\/","title":{"rendered":"PAYMENT SECURITY"},"content":{"rendered":"<h3>PAYMENT SECURITY<\/h3>\n<p>www.armadiodesign.com siz tercih etmedi\u011finiz s\u00fcrece kredi kart numaran\u0131z\u0131 ve \u015fifrenizi kay\u0131t etmez, saklamaz. Bu nedenle sitemizden verece\u011finiz her sipari\u015fi tamamlama a\u015famas\u0131nda kart bilgilerinizi yeniden girmeniz gerekir.<br \/>\nwww.armadiodesign.com SSL g\u00fcvenlik sertifikas\u0131na sahip bir al\u0131\u015fveri\u015f sitesidir. SSL sitemiz ve sitemizi ziyaret eden kullan\u0131c\u0131lar aras\u0131ndaki veri ileti\u015fiminin \u015fifrelenmi\u015f olmas\u0131 ve bu \u015fifrenin onaylanm\u0131\u015f ve garanti alt\u0131na al\u0131nm\u0131\u015f oldu\u011funu g\u00f6steren bir sertifikad\u0131r. Bu sertifika ile al\u0131\u015fveri\u015finiz g\u00fcvence alt\u0131ndad\u0131r.<\/p>","protected":false},"excerpt":{"rendered":"<p>\u00d6DEME G\u00dcVENL\u0130\u011e\u0130 www.armadiodesign.com siz tercih etmedi\u011finiz s\u00fcrece kredi kart numaran\u0131z\u0131 ve \u015fifrenizi kay\u0131t etmez, saklamaz. Bu nedenle sitemizden verece\u011finiz her sipari\u015fi tamamlama a\u015famas\u0131nda kart bilgilerinizi yeniden girmeniz gerekir. www.armadiodesign.com SSL g\u00fcvenlik sertifikas\u0131na sahip bir al\u0131\u015fveri\u015f sitesidir. SSL sitemiz ve sitemizi ziyaret eden kullan\u0131c\u0131lar aras\u0131ndaki veri ileti\u015fiminin \u015fifrelenmi\u015f olmas\u0131 ve bu \u015fifrenin onaylanm\u0131\u015f ve garanti alt\u0131na [&hellip;]<\/p>","protected":false},"author":1,"featured_media":0,"parent":0,"menu_order":0,"comment_status":"closed","ping_status":"closed","template":"","meta":{"footnotes":""},"class_list":["post-5267","page","type-page","status-publish","hentry"],"yoast_head":"<!-- This site is optimized with the Yoast SEO plugin v26.7 - https:\/\/yoast.com\/wordpress\/plugins\/seo\/ -->\n<title>\u00d6DEME G\u00dcVENL\u0130\u011e\u0130 | Kad\u0131n Giyim Markas\u0131 - Online Sat\u0131n Al | ARMADIO DESIGN<\/title>\n<meta name=\"robots\" content=\"index, follow, max-snippet:-1, max-image-preview:large, max-video-preview:-1\" \/>\n<link rel=\"canonical\" href=\"https:\/\/armadiodesign.com\/en\/odeme-guvenligi\/\" \/>\n<meta property=\"og:locale\" content=\"en_GB\" \/>\n<meta property=\"og:type\" content=\"article\" \/>\n<meta property=\"og:title\" content=\"\u00d6DEME G\u00dcVENL\u0130\u011e\u0130 | Kad\u0131n Giyim Markas\u0131 - Online Sat\u0131n Al | ARMADIO DESIGN\" \/>\n<meta property=\"og:description\" content=\"\u00d6DEME G\u00dcVENL\u0130\u011e\u0130 www.armadiodesign.com siz tercih etmedi\u011finiz s\u00fcrece kredi kart numaran\u0131z\u0131 ve \u015fifrenizi kay\u0131t etmez, saklamaz. Bu nedenle sitemizden verece\u011finiz her sipari\u015fi tamamlama a\u015famas\u0131nda kart bilgilerinizi yeniden girmeniz gerekir. www.armadiodesign.com SSL g\u00fcvenlik sertifikas\u0131na sahip bir al\u0131\u015fveri\u015f sitesidir. SSL sitemiz ve sitemizi ziyaret eden kullan\u0131c\u0131lar aras\u0131ndaki veri ileti\u015fiminin \u015fifrelenmi\u015f olmas\u0131 ve bu \u015fifrenin onaylanm\u0131\u015f ve garanti alt\u0131na [&hellip;]\" \/>\n<meta property=\"og:url\" content=\"https:\/\/armadiodesign.com\/en\/odeme-guvenligi\/\" \/>\n<meta property=\"og:site_name\" content=\"Kad\u0131n Giyim Markas\u0131 - Online Sat\u0131n Al | ARMADIO DESIGN\" \/>\n<meta property=\"article:modified_time\" content=\"2019-12-22T10:29:15+00:00\" \/>\n<meta name=\"twitter:card\" content=\"summary_large_image\" \/>\n<script type=\"application\/ld+json\" class=\"yoast-schema-graph\">{\"@context\":\"https:\/\/schema.org\",\"@graph\":[{\"@type\":\"WebPage\",\"@id\":\"https:\/\/armadiodesign.com\/odeme-guvenligi\/\",\"url\":\"https:\/\/armadiodesign.com\/odeme-guvenligi\/\",\"name\":\"\u00d6DEME G\u00dcVENL\u0130\u011e\u0130 | Kad\u0131n Giyim Markas\u0131 - Online Sat\u0131n Al | ARMADIO DESIGN\",\"isPartOf\":{\"@id\":\"https:\/\/armadiodesign.com\/#website\"},\"datePublished\":\"2019-12-13T15:13:38+00:00\",\"dateModified\":\"2019-12-22T10:29:15+00:00\",\"breadcrumb\":{\"@id\":\"https:\/\/armadiodesign.com\/odeme-guvenligi\/#breadcrumb\"},\"inLanguage\":\"en-GB\",\"potentialAction\":[{\"@type\":\"ReadAction\",\"target\":[\"https:\/\/armadiodesign.com\/odeme-guvenligi\/\"]}]},{\"@type\":\"BreadcrumbList\",\"@id\":\"https:\/\/armadiodesign.com\/odeme-guvenligi\/#breadcrumb\",\"itemListElement\":[{\"@type\":\"ListItem\",\"position\":1,\"name\":\"Ana sayfa\",\"item\":\"https:\/\/armadiodesign.com\/\"},{\"@type\":\"ListItem\",\"position\":2,\"name\":\"\u00d6DEME G\u00dcVENL\u0130\u011e\u0130\"}]},{\"@type\":\"WebSite\",\"@id\":\"https:\/\/armadiodesign.com\/#website\",\"url\":\"https:\/\/armadiodesign.com\/\",\"name\":\"Kad\u0131n Giyim Markas\u0131 - Online Sat\u0131n Al | ARMADIO DESIGN\",\"description\":\"Kad\u0131n giyimde g&uuml;ncel trendleri ke\u015ffedin!\",\"publisher\":{\"@id\":\"https:\/\/armadiodesign.com\/#organization\"},\"potentialAction\":[{\"@type\":\"SearchAction\",\"target\":{\"@type\":\"EntryPoint\",\"urlTemplate\":\"https:\/\/armadiodesign.com\/?s={search_term_string}\"},\"query-input\":{\"@type\":\"PropertyValueSpecification\",\"valueRequired\":true,\"valueName\":\"search_term_string\"}}],\"inLanguage\":\"en-GB\"},{\"@type\":\"Organization\",\"@id\":\"https:\/\/armadiodesign.com\/#organization\",\"name\":\"Armadio Design\",\"url\":\"https:\/\/armadiodesign.com\/\",\"logo\":{\"@type\":\"ImageObject\",\"inLanguage\":\"en-GB\",\"@id\":\"https:\/\/armadiodesign.com\/#\/schema\/logo\/image\/\",\"url\":\"https:\/\/armadiodesign.com\/wp-content\/uploads\/2019\/12\/mail_logo.jpg\",\"contentUrl\":\"https:\/\/armadiodesign.com\/wp-content\/uploads\/2019\/12\/mail_logo.jpg\",\"width\":540,\"height\":96,\"caption\":\"Armadio Design\"},\"image\":{\"@id\":\"https:\/\/armadiodesign.com\/#\/schema\/logo\/image\/\"}}]}<\/script>\n<!-- \/ Yoast SEO plugin. -->","yoast_head_json":{"title":"\u00d6DEME G\u00dcVENL\u0130\u011e\u0130 | Kad\u0131n Giyim Markas\u0131 - Online Sat\u0131n Al | ARMADIO DESIGN","robots":{"index":"index","follow":"follow","max-snippet":"max-snippet:-1","max-image-preview":"max-image-preview:large","max-video-preview":"max-video-preview:-1"},"canonical":"https:\/\/armadiodesign.com\/en\/odeme-guvenligi\/","og_locale":"en_GB","og_type":"article","og_title":"\u00d6DEME G\u00dcVENL\u0130\u011e\u0130 | Kad\u0131n Giyim Markas\u0131 - Online Sat\u0131n Al | ARMADIO DESIGN","og_description":"\u00d6DEME G\u00dcVENL\u0130\u011e\u0130 www.armadiodesign.com siz tercih etmedi\u011finiz s\u00fcrece kredi kart numaran\u0131z\u0131 ve \u015fifrenizi kay\u0131t etmez, saklamaz. Bu nedenle sitemizden verece\u011finiz her sipari\u015fi tamamlama a\u015famas\u0131nda kart bilgilerinizi yeniden girmeniz gerekir. www.armadiodesign.com SSL g\u00fcvenlik sertifikas\u0131na sahip bir al\u0131\u015fveri\u015f sitesidir. SSL sitemiz ve sitemizi ziyaret eden kullan\u0131c\u0131lar aras\u0131ndaki veri ileti\u015fiminin \u015fifrelenmi\u015f olmas\u0131 ve bu \u015fifrenin onaylanm\u0131\u015f ve garanti alt\u0131na [&hellip;]","og_url":"https:\/\/armadiodesign.com\/en\/odeme-guvenligi\/","og_site_name":"Kad\u0131n Giyim Markas\u0131 - Online Sat\u0131n Al | ARMADIO DESIGN","article_modified_time":"2019-12-22T10:29:15+00:00","twitter_card":"summary_large_image","schema":{"@context":"https:\/\/schema.org","@graph":[{"@type":"WebPage","@id":"https:\/\/armadiodesign.com\/odeme-guvenligi\/","url":"https:\/\/armadiodesign.com\/odeme-guvenligi\/","name":"\u00d6DEME G\u00dcVENL\u0130\u011e\u0130 | Kad\u0131n Giyim Markas\u0131 - Online Sat\u0131n Al | ARMADIO DESIGN","isPartOf":{"@id":"https:\/\/armadiodesign.com\/#website"},"datePublished":"2019-12-13T15:13:38+00:00","dateModified":"2019-12-22T10:29:15+00:00","breadcrumb":{"@id":"https:\/\/armadiodesign.com\/odeme-guvenligi\/#breadcrumb"},"inLanguage":"en-GB","potentialAction":[{"@type":"ReadAction","target":["https:\/\/armadiodesign.com\/odeme-guvenligi\/"]}]},{"@type":"BreadcrumbList","@id":"https:\/\/armadiodesign.com\/odeme-guvenligi\/#breadcrumb","itemListElement":[{"@type":"ListItem","position":1,"name":"Ana sayfa","item":"https:\/\/armadiodesign.com\/"},{"@type":"ListItem","position":2,"name":"\u00d6DEME G\u00dcVENL\u0130\u011e\u0130"}]},{"@type":"WebSite","@id":"https:\/\/armadiodesign.com\/#website","url":"https:\/\/armadiodesign.com\/","name":"Kad\u0131n Giyim Markas\u0131 - Online Sat\u0131n Al | ARMADIO DESIGN","description":"Kad\u0131n giyimde g&uuml;ncel trendleri ke\u015ffedin!","publisher":{"@id":"https:\/\/armadiodesign.com\/#organization"},"potentialAction":[{"@type":"SearchAction","target":{"@type":"EntryPoint","urlTemplate":"https:\/\/armadiodesign.com\/?s={search_term_string}"},"query-input":{"@type":"PropertyValueSpecification","valueRequired":true,"valueName":"search_term_string"}}],"inLanguage":"en-GB"},{"@type":"Organization","@id":"https:\/\/armadiodesign.com\/#organization","name":"Armadio Design","url":"https:\/\/armadiodesign.com\/","logo":{"@type":"ImageObject","inLanguage":"en-GB","@id":"https:\/\/armadiodesign.com\/#\/schema\/logo\/image\/","url":"https:\/\/armadiodesign.com\/wp-content\/uploads\/2019\/12\/mail_logo.jpg","contentUrl":"https:\/\/armadiodesign.com\/wp-content\/uploads\/2019\/12\/mail_logo.jpg","width":540,"height":96,"caption":"Armadio Design"},"image":{"@id":"https:\/\/armadiodesign.com\/#\/schema\/logo\/image\/"}}]}},"jetpack_sharing_enabled":true,"_links":{"self":[{"href":"https:\/\/armadiodesign.com\/en\/wp-json\/wp\/v2\/pages\/5267","targetHints":{"allow":["GET"]}}],"collection":[{"href":"https:\/\/armadiodesign.com\/en\/wp-json\/wp\/v2\/pages"}],"about":[{"href":"https:\/\/armadiodesign.com\/en\/wp-json\/wp\/v2\/types\/page"}],"author":[{"embeddable":true,"href":"https:\/\/armadiodesign.com\/en\/wp-json\/wp\/v2\/users\/1"}],"replies":[{"embeddable":true,"href":"https:\/\/armadiodesign.com\/en\/wp-json\/wp\/v2\/comments?post=5267"}],"version-history":[{"count":4,"href":"https:\/\/armadiodesign.com\/en\/wp-json\/wp\/v2\/pages\/5267\/revisions"}],"predecessor-version":[{"id":6584,"href":"https:\/\/armadiodesign.com\/en\/wp-json\/wp\/v2\/pages\/5267\/revisions\/6584"}],"wp:attachment":[{"href":"https:\/\/armadiodesign.com\/en\/wp-json\/wp\/v2\/media?parent=5267"}],"curies":[{"name":"wp","href":"https:\/\/api.w.org\/{rel}","templated":true}]}}