{"id":4734,"date":"2016-06-05T06:08:40","date_gmt":"2016-06-05T06:08:40","guid":{"rendered":"http:\/\/janstudio.net\/gecko\/fashion\/?page_id=4734"},"modified":"2016-06-05T06:08:40","modified_gmt":"2016-06-05T06:08:40","slug":"footer-3","status":"publish","type":"page","link":"https:\/\/armadiodesign.com\/en\/footer-3\/","title":{"rendered":"Footer 3"},"content":{"rendered":"","protected":false},"excerpt":{"rendered":"","protected":false},"author":1,"featured_media":0,"parent":0,"menu_order":0,"comment_status":"closed","ping_status":"closed","template":"footer-3.php","meta":{"footnotes":""},"class_list":["post-4734","page","type-page","status-publish","hentry"],"yoast_head":"<!-- This site is optimized with the Yoast SEO plugin v27.4 - https:\/\/yoast.com\/product\/yoast-seo-wordpress\/ -->\n<title>Footer 3 | Kad\u0131n Giyim Markas\u0131 - Online Sat\u0131n Al | ARMADIO DESIGN<\/title>\n<meta name=\"robots\" content=\"index, follow, max-snippet:-1, max-image-preview:large, max-video-preview:-1\" \/>\n<link rel=\"canonical\" href=\"https:\/\/armadiodesign.com\/en\/footer-3\/\" \/>\n<meta property=\"og:locale\" content=\"en_GB\" \/>\n<meta property=\"og:type\" content=\"article\" \/>\n<meta property=\"og:title\" content=\"Footer 3 | Kad\u0131n Giyim Markas\u0131 - Online Sat\u0131n Al | ARMADIO DESIGN\" \/>\n<meta property=\"og:url\" content=\"https:\/\/armadiodesign.com\/en\/footer-3\/\" \/>\n<meta property=\"og:site_name\" content=\"Kad\u0131n Giyim Markas\u0131 - Online Sat\u0131n Al | ARMADIO DESIGN\" \/>\n<meta name=\"twitter:card\" content=\"summary_large_image\" \/>\n<script type=\"application\/ld+json\" class=\"yoast-schema-graph\">{\"@context\":\"https:\\\/\\\/schema.org\",\"@graph\":[{\"@type\":\"WebPage\",\"@id\":\"https:\\\/\\\/armadiodesign.com\\\/footer-3\\\/\",\"url\":\"https:\\\/\\\/armadiodesign.com\\\/footer-3\\\/\",\"name\":\"Footer 3 | Kad\u0131n Giyim Markas\u0131 - Online Sat\u0131n Al | ARMADIO DESIGN\",\"isPartOf\":{\"@id\":\"https:\\\/\\\/armadiodesign.com\\\/#website\"},\"datePublished\":\"2016-06-05T06:08:40+00:00\",\"breadcrumb\":{\"@id\":\"https:\\\/\\\/armadiodesign.com\\\/footer-3\\\/#breadcrumb\"},\"inLanguage\":\"en-GB\",\"potentialAction\":[{\"@type\":\"ReadAction\",\"target\":[\"https:\\\/\\\/armadiodesign.com\\\/footer-3\\\/\"]}]},{\"@type\":\"BreadcrumbList\",\"@id\":\"https:\\\/\\\/armadiodesign.com\\\/footer-3\\\/#breadcrumb\",\"itemListElement\":[{\"@type\":\"ListItem\",\"position\":1,\"name\":\"Ana sayfa\",\"item\":\"https:\\\/\\\/armadiodesign.com\\\/\"},{\"@type\":\"ListItem\",\"position\":2,\"name\":\"Footer 3\"}]},{\"@type\":\"WebSite\",\"@id\":\"https:\\\/\\\/armadiodesign.com\\\/#website\",\"url\":\"https:\\\/\\\/armadiodesign.com\\\/\",\"name\":\"Kad\u0131n Giyim Markas\u0131 - Online Sat\u0131n Al | ARMADIO DESIGN\",\"description\":\"Kad\u0131n giyimde g&uuml;ncel trendleri ke\u015ffedin!\",\"publisher\":{\"@id\":\"https:\\\/\\\/armadiodesign.com\\\/#organization\"},\"potentialAction\":[{\"@type\":\"SearchAction\",\"target\":{\"@type\":\"EntryPoint\",\"urlTemplate\":\"https:\\\/\\\/armadiodesign.com\\\/?s={search_term_string}\"},\"query-input\":{\"@type\":\"PropertyValueSpecification\",\"valueRequired\":true,\"valueName\":\"search_term_string\"}}],\"inLanguage\":\"en-GB\"},{\"@type\":\"Organization\",\"@id\":\"https:\\\/\\\/armadiodesign.com\\\/#organization\",\"name\":\"Armadio Design\",\"url\":\"https:\\\/\\\/armadiodesign.com\\\/\",\"logo\":{\"@type\":\"ImageObject\",\"inLanguage\":\"en-GB\",\"@id\":\"https:\\\/\\\/armadiodesign.com\\\/#\\\/schema\\\/logo\\\/image\\\/\",\"url\":\"https:\\\/\\\/armadiodesign.com\\\/wp-content\\\/uploads\\\/2019\\\/12\\\/mail_logo.jpg\",\"contentUrl\":\"https:\\\/\\\/armadiodesign.com\\\/wp-content\\\/uploads\\\/2019\\\/12\\\/mail_logo.jpg\",\"width\":540,\"height\":96,\"caption\":\"Armadio Design\"},\"image\":{\"@id\":\"https:\\\/\\\/armadiodesign.com\\\/#\\\/schema\\\/logo\\\/image\\\/\"}}]}<\/script>\n<!-- \/ Yoast SEO plugin. -->","yoast_head_json":{"title":"Footer 3 | Kad\u0131n Giyim Markas\u0131 - Online Sat\u0131n Al | ARMADIO DESIGN","robots":{"index":"index","follow":"follow","max-snippet":"max-snippet:-1","max-image-preview":"max-image-preview:large","max-video-preview":"max-video-preview:-1"},"canonical":"https:\/\/armadiodesign.com\/en\/footer-3\/","og_locale":"en_GB","og_type":"article","og_title":"Footer 3 | Kad\u0131n Giyim Markas\u0131 - Online Sat\u0131n Al | ARMADIO DESIGN","og_url":"https:\/\/armadiodesign.com\/en\/footer-3\/","og_site_name":"Kad\u0131n Giyim Markas\u0131 - Online Sat\u0131n Al | ARMADIO DESIGN","twitter_card":"summary_large_image","schema":{"@context":"https:\/\/schema.org","@graph":[{"@type":"WebPage","@id":"https:\/\/armadiodesign.com\/footer-3\/","url":"https:\/\/armadiodesign.com\/footer-3\/","name":"Footer 3 | Kad\u0131n Giyim Markas\u0131 - Online Sat\u0131n Al | ARMADIO DESIGN","isPartOf":{"@id":"https:\/\/armadiodesign.com\/#website"},"datePublished":"2016-06-05T06:08:40+00:00","breadcrumb":{"@id":"https:\/\/armadiodesign.com\/footer-3\/#breadcrumb"},"inLanguage":"en-GB","potentialAction":[{"@type":"ReadAction","target":["https:\/\/armadiodesign.com\/footer-3\/"]}]},{"@type":"BreadcrumbList","@id":"https:\/\/armadiodesign.com\/footer-3\/#breadcrumb","itemListElement":[{"@type":"ListItem","position":1,"name":"Ana sayfa","item":"https:\/\/armadiodesign.com\/"},{"@type":"ListItem","position":2,"name":"Footer 3"}]},{"@type":"WebSite","@id":"https:\/\/armadiodesign.com\/#website","url":"https:\/\/armadiodesign.com\/","name":"Kad\u0131n Giyim Markas\u0131 - Online Sat\u0131n Al | ARMADIO DESIGN","description":"Kad\u0131n giyimde g&uuml;ncel trendleri ke\u015ffedin!","publisher":{"@id":"https:\/\/armadiodesign.com\/#organization"},"potentialAction":[{"@type":"SearchAction","target":{"@type":"EntryPoint","urlTemplate":"https:\/\/armadiodesign.com\/?s={search_term_string}"},"query-input":{"@type":"PropertyValueSpecification","valueRequired":true,"valueName":"search_term_string"}}],"inLanguage":"en-GB"},{"@type":"Organization","@id":"https:\/\/armadiodesign.com\/#organization","name":"Armadio Design","url":"https:\/\/armadiodesign.com\/","logo":{"@type":"ImageObject","inLanguage":"en-GB","@id":"https:\/\/armadiodesign.com\/#\/schema\/logo\/image\/","url":"https:\/\/armadiodesign.com\/wp-content\/uploads\/2019\/12\/mail_logo.jpg","contentUrl":"https:\/\/armadiodesign.com\/wp-content\/uploads\/2019\/12\/mail_logo.jpg","width":540,"height":96,"caption":"Armadio Design"},"image":{"@id":"https:\/\/armadiodesign.com\/#\/schema\/logo\/image\/"}}]}},"jetpack_sharing_enabled":true,"_links":{"self":[{"href":"https:\/\/armadiodesign.com\/en\/wp-json\/wp\/v2\/pages\/4734","targetHints":{"allow":["GET"]}}],"collection":[{"href":"https:\/\/armadiodesign.com\/en\/wp-json\/wp\/v2\/pages"}],"about":[{"href":"https:\/\/armadiodesign.com\/en\/wp-json\/wp\/v2\/types\/page"}],"author":[{"embeddable":true,"href":"https:\/\/armadiodesign.com\/en\/wp-json\/wp\/v2\/users\/1"}],"replies":[{"embeddable":true,"href":"https:\/\/armadiodesign.com\/en\/wp-json\/wp\/v2\/comments?post=4734"}],"version-history":[{"count":0,"href":"https:\/\/armadiodesign.com\/en\/wp-json\/wp\/v2\/pages\/4734\/revisions"}],"wp:attachment":[{"href":"https:\/\/armadiodesign.com\/en\/wp-json\/wp\/v2\/media?parent=4734"}],"curies":[{"name":"wp","href":"https:\/\/api.w.org\/{rel}","templated":true}]}}